{"id":21680,"date":"2025-05-12T12:27:42","date_gmt":"2025-05-12T12:27:42","guid":{"rendered":"https:\/\/nyalahotel.com\/soirees-de-gala\/"},"modified":"2025-08-18T10:01:52","modified_gmt":"2025-08-18T10:01:52","slug":"soirees-de-gala","status":"publish","type":"page","link":"https:\/\/nyalahotel.com\/fr\/soirees-de-gala\/","title":{"rendered":"Soir\u00e9es de Gala"},"content":{"rendered":"<p>[et_pb_section fb_built=\u00a0\u00bb1&Prime; custom_padding_last_edited=\u00a0\u00bbon|tablet\u00a0\u00bb _builder_version=\u00a0\u00bb4.27.4&Prime; _module_preset=\u00a0\u00bbdefault\u00a0\u00bb background_image=\u00a0\u00bbhttps:\/\/nyalahotel.com\/wp-content\/uploads\/2025\/05\/DJI_0637-scaled.jpg\u00a0\u00bb custom_padding=\u00a0\u00bb215px||76px||false|false\u00a0\u00bb custom_padding_tablet=\u00a0\u00bb150px||||false|false\u00a0\u00bb custom_padding_phone=\u00a0\u00bb150px||||false|false\u00a0\u00bb hover_enabled=\u00a0\u00bb0&Prime; custom_css_before=\u00a0\u00bbcontent:\u00a0\u00bb;||position: absolute;||width: 100%;||height: 100%;||left: 0px;||top: 0;||||background: var(&#8211;color2);||opacity: 0.5;\u00a0\u00bb custom_css_main_element=\u00a0\u00bbz-index:1;\u00a0\u00bb custom_css_after=\u00a0\u00bbcontent: \u00a0\u00bb;||background-image: url(https:\/\/nyalahotel.com\/wp-content\/uploads\/2023\/05\/Page-Inner-Header-Background.png);||position: absolute;||top: 133px;||right: 0;||left: 0;||bottom: 0;||background-size: 100% 100%;||background-position: top right;||width: 100%;||background-repeat: no-repeat;||z-index:-1;\u00a0\u00bb locked=\u00a0\u00bboff\u00a0\u00bb global_colors_info=\u00a0\u00bb{}\u00a0\u00bb custom_css_before_last_edited=\u00a0\u00bbon|phone\u00a0\u00bb custom_css_after_last_edited=\u00a0\u00bbon|phone\u00a0\u00bb custom_css_after_phone=\u00a0\u00bbdisplay:none;\u00a0\u00bb custom_css_after_tablet=\u00a0\u00bbdisplay:none;\u00a0\u00bb custom_css_before_tablet=\u00a0\u00bbcontent:\u00a0\u00bb;||position: absolute;||width: 100%;||height: 100%;||left: 0px;||top: 0;||||background: var(&#8211;color2);||opacity: 0.5;\u00a0\u00bb custom_css_before_phone=\u00a0\u00bbcontent:\u00a0\u00bb;||position: absolute;||width: 100%;||height: 100%;||left: 0px;||top: 0;||||background: var(&#8211;color2);||opacity: 0.5;\u00a0\u00bb title_text=\u00a0\u00bbNyala\u00a0\u00bb sticky_enabled=\u00a0\u00bb0&Prime;][et_pb_row _builder_version=\u00a0\u00bb4.21.0&Prime; _module_preset=\u00a0\u00bbdefault\u00a0\u00bb width_tablet=\u00a0\u00bb\u00a0\u00bb width_phone=\u00a0\u00bb90%\u00a0\u00bb width_last_edited=\u00a0\u00bbon|phone\u00a0\u00bb custom_margin=\u00a0\u00bb||||false|true\u00a0\u00bb custom_margin_tablet=\u00a0\u00bb||||false|true\u00a0\u00bb custom_margin_phone=\u00a0\u00bb||||false|true\u00a0\u00bb custom_margin_last_edited=\u00a0\u00bbon|phone\u00a0\u00bb custom_padding=\u00a0\u00bb0px||0px||true|false\u00a0\u00bb custom_css_main_element=\u00a0\u00bbwidth:max-content;margin: 0 auto !important;\u00a0\u00bb global_colors_info=\u00a0\u00bb{}\u00a0\u00bb width__hover_enabled=\u00a0\u00bbon|desktop\u00a0\u00bb][et_pb_column type=\u00a0\u00bb4_4&Prime; _builder_version=\u00a0\u00bb4.19.0&Prime; _module_preset=\u00a0\u00bbdefault\u00a0\u00bb background_color=\u00a0\u00bb#FFFFFF\u00a0\u00bb custom_padding=\u00a0\u00bb30px|15px|20px|15px|false|true\u00a0\u00bb custom_padding_tablet=\u00a0\u00bb30px|15px|20px|15px|false|true\u00a0\u00bb custom_padding_phone=\u00a0\u00bb20px|10px|20px|10px|true|true\u00a0\u00bb custom_padding_last_edited=\u00a0\u00bbon|phone\u00a0\u00bb custom_css_main_element=\u00a0\u00bbdisplay:flex;||justify-content:center;||align-items:center;||flex-wrap:wrap;\u00a0\u00bb global_colors_info=\u00a0\u00bb{}\u00a0\u00bb][et_pb_button button_url=\u00a0\u00bb@ET-DC@eyJkeW5hbWljIjp0cnVlLCJjb250ZW50IjoiaG9tZV91cmwiLCJzZXR0aW5ncyI6e319@\u00a0\u00bb url_new_window=\u00a0\u00bbon\u00a0\u00bb button_text=\u00a0\u00bbAccueil \u00a0\u00bb _builder_version=\u00a0\u00bb4.21.0&Prime; _dynamic_attributes=\u00a0\u00bbbutton_url\u00a0\u00bb _module_preset=\u00a0\u00bbdefault\u00a0\u00bb custom_button=\u00a0\u00bbon\u00a0\u00bb button_text_size=\u00a0\u00bb16px\u00a0\u00bb button_text_color=\u00a0\u00bb#212121&Prime; button_bg_color=\u00a0\u00bbRGBA(255,255,255,0)\u00a0\u00bb button_border_width=\u00a0\u00bb0px\u00a0\u00bb button_border_radius=\u00a0\u00bb0px\u00a0\u00bb button_font=\u00a0\u00bbInter||||||||\u00a0\u00bb custom_margin=\u00a0\u00bb||||false|false\u00a0\u00bb custom_margin_tablet=\u00a0\u00bb||||false|false\u00a0\u00bb custom_margin_phone=\u00a0\u00bb||0px||false|false\u00a0\u00bb custom_margin_last_edited=\u00a0\u00bbon|phone\u00a0\u00bb custom_padding=\u00a0\u00bb|12px||0px|false|false\u00a0\u00bb custom_css_main_element=\u00a0\u00bbfont-weight: 400;\u00a0\u00bb custom_css_after=\u00a0\u00bbcontent:\u00a0\u00bb;||width:1px;||height:20px;||background:#212121;||position:absolute;right:0;||opacity:1 !important;||top:50%;||transform:translatey(-50%);\u00a0\u00bb global_colors_info=\u00a0\u00bb{}\u00a0\u00bb][\/et_pb_button][et_pb_button button_url=\u00a0\u00bbhttps:\/\/nyalahotel.com\/esperienze\/\u00a0\u00bb url_new_window=\u00a0\u00bbon\u00a0\u00bb button_text=\u00a0\u00bbExp\u00e9riences\u00a0\u00bb disabled_on=\u00a0\u00bbon|off|off\u00a0\u00bb _builder_version=\u00a0\u00bb4.27.4&Prime; _module_preset=\u00a0\u00bbdefault\u00a0\u00bb custom_button=\u00a0\u00bbon\u00a0\u00bb button_text_size=\u00a0\u00bb16px\u00a0\u00bb button_text_color=\u00a0\u00bb#212121&Prime; button_bg_color=\u00a0\u00bbRGBA(255,255,255,0)\u00a0\u00bb button_border_width=\u00a0\u00bb0px\u00a0\u00bb button_border_radius=\u00a0\u00bb0px\u00a0\u00bb button_font=\u00a0\u00bbInter||||||||\u00a0\u00bb custom_margin=\u00a0\u00bb||||false|false\u00a0\u00bb custom_margin_tablet=\u00a0\u00bb||||false|false\u00a0\u00bb custom_margin_phone=\u00a0\u00bb||0px||false|false\u00a0\u00bb custom_margin_last_edited=\u00a0\u00bbon|phone\u00a0\u00bb custom_padding=\u00a0\u00bb|12px||12px|false|true\u00a0\u00bb custom_css_main_element=\u00a0\u00bbfont-weight: 400;\u00a0\u00bb custom_css_after=\u00a0\u00bbcontent:\u00a0\u00bb;||width:1px;||height:20px;||background:#212121;||position:absolute;right:0;||opacity:1 !important;||top:50%;||transform:translatey(-50%);\u00a0\u00bb global_colors_info=\u00a0\u00bb{}\u00a0\u00bb][\/et_pb_button][et_pb_button button_url=\u00a0\u00bb@ET-DC@eyJkeW5hbWljIjp0cnVlLCJjb250ZW50IjoicG9zdF9saW5rX3VybCIsInNldHRpbmdzIjp7fX0=@\u00a0\u00bb button_text=\u00a0\u00bbSoir\u00e9es de Gala\u00a0\u00bb admin_label=\u00a0\u00bbPulsante\u00a0\u00bb _builder_version=\u00a0\u00bb4.27.4&Prime; _dynamic_attributes=\u00a0\u00bbbutton_url\u00a0\u00bb _module_preset=\u00a0\u00bbdefault\u00a0\u00bb custom_button=\u00a0\u00bbon\u00a0\u00bb button_text_size=\u00a0\u00bb16px\u00a0\u00bb button_text_color=\u00a0\u00bb#212121&Prime; button_bg_color=\u00a0\u00bbRGBA(255,255,255,0)\u00a0\u00bb button_border_width=\u00a0\u00bb0px\u00a0\u00bb button_border_radius=\u00a0\u00bb0px\u00a0\u00bb button_font=\u00a0\u00bbInter||||||||\u00a0\u00bb button_use_icon=\u00a0\u00bboff\u00a0\u00bb custom_margin_tablet=\u00a0\u00bb\u00a0\u00bb custom_margin_phone=\u00a0\u00bb||0px||false|false\u00a0\u00bb custom_margin_last_edited=\u00a0\u00bbon|phone\u00a0\u00bb custom_padding=\u00a0\u00bb|0px||12px|false|false\u00a0\u00bb custom_css_main_element=\u00a0\u00bbfont-weight: 400;\u00a0\u00bb global_colors_info=\u00a0\u00bb{}\u00a0\u00bb][\/et_pb_button][et_pb_text _builder_version=\u00a0\u00bb4.27.4&Prime; _module_preset=\u00a0\u00bbdefault\u00a0\u00bb text_font=\u00a0\u00bb|700|||||||\u00a0\u00bb text_text_color=\u00a0\u00bbgcid-4eaba28f-8903-4e8a-9947-d714a3d67e48&Prime; text_font_size=\u00a0\u00bb40px\u00a0\u00bb header_font=\u00a0\u00bb|700|||||||\u00a0\u00bb header_text_color=\u00a0\u00bbgcid-4eaba28f-8903-4e8a-9947-d714a3d67e48&Prime; header_font_size=\u00a0\u00bb40px\u00a0\u00bb header_line_height=\u00a0\u00bb50px\u00a0\u00bb text_orientation=\u00a0\u00bbcenter\u00a0\u00bb custom_margin=\u00a0\u00bb||||false|false\u00a0\u00bb header_font_size_tablet=\u00a0\u00bb40px\u00a0\u00bb header_font_size_phone=\u00a0\u00bb28px\u00a0\u00bb header_font_size_last_edited=\u00a0\u00bbon|phone\u00a0\u00bb custom_css_main_element=\u00a0\u00bbwidth:100%;||\u00a0\u00bb global_colors_info=\u00a0\u00bb{%22gcid-4eaba28f-8903-4e8a-9947-d714a3d67e48%22:%91%22text_text_color%22,%22header_text_color%22%93}\u00a0\u00bb]<\/p>\n<div class=\"et_pb_module et_pb_post_title et_pb_post_title_0 et_pb_bg_layout_light et_pb_text_align_left\">\n<div class=\"et_pb_title_container\">\n<h1 class=\"entry-title\" style=\"text-align: center;\">Soir\u00e9es de Gala<br \/>\n<\/h1>\n<\/div>\n<\/div>\n<p>[\/et_pb_text][\/et_pb_column][\/et_pb_row][\/et_pb_section][et_pb_section fb_built=\u00a0\u00bb1&Prime; _builder_version=\u00a0\u00bb4.27.4&Prime; _module_preset=\u00a0\u00bbdefault\u00a0\u00bb custom_margin=\u00a0\u00bb80px||||false|false\u00a0\u00bb global_colors_info=\u00a0\u00bb{}\u00a0\u00bb][et_pb_row use_custom_gutter=\u00a0\u00bbon\u00a0\u00bb gutter_width=\u00a0\u00bb1&Prime; make_equal=\u00a0\u00bbon\u00a0\u00bb custom_padding_last_edited=\u00a0\u00bbon|desktop\u00a0\u00bb _builder_version=\u00a0\u00bb4.19.0&Prime; _module_preset=\u00a0\u00bbdefault\u00a0\u00bb width=\u00a0\u00bb90%\u00a0\u00bb custom_padding=\u00a0\u00bb0px||||false|false\u00a0\u00bb custom_padding_tablet=\u00a0\u00bb\u00a0\u00bb custom_padding_phone=\u00a0\u00bb0px||||false|false\u00a0\u00bb global_colors_info=\u00a0\u00bb{}\u00a0\u00bb][et_pb_column type=\u00a0\u00bb4_4&Prime; _builder_version=\u00a0\u00bb4.19.0&Prime; _module_preset=\u00a0\u00bbdefault\u00a0\u00bb global_colors_info=\u00a0\u00bb{}\u00a0\u00bb][et_pb_text _builder_version=\u00a0\u00bb4.27.4&Prime; _module_preset=\u00a0\u00bbdefault\u00a0\u00bb text_text_color=\u00a0\u00bb#212121&Prime; custom_margin=\u00a0\u00bb||18px||false|false\u00a0\u00bb custom_css_main_element=\u00a0\u00bbfont-weight: 400;\u00a0\u00bb global_colors_info=\u00a0\u00bb{}\u00a0\u00bb]<\/p>\n<p>Exp\u00e9riences et d\u00e9tente<\/p>\n<p>[\/et_pb_text][et_pb_blurb title=\u00a0\u00bbSoir\u00e9es de Gala\u00a0\u00bb alt=\u00a0\u00bbImage de la r\u00e9sidence\u00a0\u00bb content_max_width=\u00a0\u00bb100%\u00a0\u00bb _builder_version=\u00a0\u00bb4.27.4&Prime; _module_preset=\u00a0\u00bbdefault\u00a0\u00bb header_font=\u00a0\u00bb|700|||||||\u00a0\u00bb header_text_color=\u00a0\u00bb#212121&Prime; header_font_size=\u00a0\u00bb20px\u00a0\u00bb header_line_height=\u00a0\u00bb30px\u00a0\u00bb body_line_height=\u00a0\u00bb30px\u00a0\u00bb custom_margin=\u00a0\u00bb||30px||false|false\u00a0\u00bb custom_padding=\u00a0\u00bb||1px||false|false\u00a0\u00bb custom_css_main_element=\u00a0\u00bbfont-weight: 400;\u00a0\u00bb global_colors_info=\u00a0\u00bb{}\u00a0\u00bb]Notre restaurant L\u2019Asmara, capable de plus de 200 couverts et \u00e9quip\u00e9 d&rsquo;une loge pour orchestre, est disponible pour les d\u00e9jeuners d&rsquo;affaires, les cocktails et les soir\u00e9es de gala.<\/p>\n<p>Pendant la belle saison, il est possible d&rsquo;organiser des \u00e9v\u00e9nements de charme absolu sur notre magnifique terrasse panoramique avec vue \u00e0 360 \u00b0 sur la mer, la ville et les hauteurs environnantes, et au bord de la piscine entour\u00e9e des palmiers s\u00e9culaires de notre jardin.[\/et_pb_blurb][et_pb_slider _builder_version=\u00a0\u00bb4.27.4&Prime; _module_preset=\u00a0\u00bbdefault\u00a0\u00bb global_colors_info=\u00a0\u00bb{}\u00a0\u00bb][et_pb_slide _builder_version=\u00a0\u00bb4.27.4&Prime; _module_preset=\u00a0\u00bbdefault\u00a0\u00bb background_image=\u00a0\u00bbhttps:\/\/nyalahotel.com\/wp-content\/uploads\/2025\/05\/DJI_0645-scaled.jpg\u00a0\u00bb background_enable_image=\u00a0\u00bbon\u00a0\u00bb global_colors_info=\u00a0\u00bb{}\u00a0\u00bb sticky_transition=\u00a0\u00bbon\u00a0\u00bb]<\/p>\n<p>&nbsp;<\/p>\n<p>&nbsp;<\/p>\n<p>&nbsp;<\/p>\n<p>&nbsp;<\/p>\n<p>&nbsp;<\/p>\n<p>&nbsp;<\/p>\n<p>[\/et_pb_slide][\/et_pb_slider][\/et_pb_column][\/et_pb_row][et_pb_row use_custom_gutter=\u00a0\u00bbon\u00a0\u00bb make_equal=\u00a0\u00bbon\u00a0\u00bb _builder_version=\u00a0\u00bb4.19.0&Prime; _module_preset=\u00a0\u00bbdefault\u00a0\u00bb width=\u00a0\u00bb90%\u00a0\u00bb custom_padding=\u00a0\u00bb10px||15px||false|false\u00a0\u00bb locked=\u00a0\u00bboff\u00a0\u00bb global_colors_info=\u00a0\u00bb{}\u00a0\u00bb][et_pb_column type=\u00a0\u00bb4_4&Prime; _builder_version=\u00a0\u00bb4.19.0&Prime; _module_preset=\u00a0\u00bbdefault\u00a0\u00bb global_colors_info=\u00a0\u00bb{}\u00a0\u00bb][et_pb_text _builder_version=\u00a0\u00bb4.27.4&Prime; _module_preset=\u00a0\u00bbdefault\u00a0\u00bb header_4_font=\u00a0\u00bb|700|||||||\u00a0\u00bb header_4_text_color=\u00a0\u00bb#212121&Prime; header_4_font_size=\u00a0\u00bb24px\u00a0\u00bb header_4_line_height=\u00a0\u00bb30px\u00a0\u00bb custom_margin=\u00a0\u00bb||10px||false|false\u00a0\u00bb global_colors_info=\u00a0\u00bb{}\u00a0\u00bb]<\/p>\n<h4>CONTACTS<\/h4>\n<p>[\/et_pb_text][et_pb_text _builder_version=\u00a0\u00bb4.27.4&Prime; _module_preset=\u00a0\u00bbdefault\u00a0\u00bb text_font=\u00a0\u00bbJost|700|||||||\u00a0\u00bb text_text_color=\u00a0\u00bb#212121&Prime; text_font_size=\u00a0\u00bb20px\u00a0\u00bb header_4_font=\u00a0\u00bb|700|||||||\u00a0\u00bb header_4_text_color=\u00a0\u00bb#212121&Prime; header_4_font_size=\u00a0\u00bb24px\u00a0\u00bb header_4_line_height=\u00a0\u00bb30px\u00a0\u00bb custom_margin=\u00a0\u00bb||10px||false|false\u00a0\u00bb global_colors_info=\u00a0\u00bb{}\u00a0\u00bb]<\/p>\n<p>Contactez-nous<\/p>\n<p>[\/et_pb_text][\/et_pb_column][\/et_pb_row][et_pb_row use_custom_gutter=\u00a0\u00bbon\u00a0\u00bb gutter_width=\u00a0\u00bb1&Prime; make_equal=\u00a0\u00bbon\u00a0\u00bb _builder_version=\u00a0\u00bb4.19.0&Prime; _module_preset=\u00a0\u00bbdefault\u00a0\u00bb width=\u00a0\u00bb90%\u00a0\u00bb custom_padding=\u00a0\u00bb10px||0px||false|false\u00a0\u00bb border_width_bottom=\u00a0\u00bb1px\u00a0\u00bb border_color_bottom=\u00a0\u00bbrgba(0,41,89,0.2)\u00a0\u00bb locked=\u00a0\u00bboff\u00a0\u00bb global_colors_info=\u00a0\u00bb{}\u00a0\u00bb][et_pb_column type=\u00a0\u00bb4_4&Prime; _builder_version=\u00a0\u00bb4.19.0&Prime; _module_preset=\u00a0\u00bbdefault\u00a0\u00bb custom_css_main_element=\u00a0\u00bbmargin-bottom: 0 !important;||display:flex;||align-items:center;\u00a0\u00bb global_colors_info=\u00a0\u00bb{}\u00a0\u00bb custom_css_main_element_last_edited=\u00a0\u00bbon|phone\u00a0\u00bb custom_css_main_element_phone=\u00a0\u00bbmargin-bottom: 0 !important;||display:block;\u00a0\u00bb custom_css_main_element_tablet=\u00a0\u00bbmargin-bottom: 0 !important;||display:flex;||align-items:center;\u00a0\u00bb][et_pb_blurb title=\u00a0\u00bbAppelez T\u00e9l : 0184 667 668&Prime; use_icon=\u00a0\u00bbon\u00a0\u00bb font_icon=\u00a0\u00bb&#x52;||divi||400&Prime; image_icon_width=\u00a0\u00bb16px\u00a0\u00bb content_max_width=\u00a0\u00bb100%\u00a0\u00bb module_class=\u00a0\u00bbroom_blurb\u00a0\u00bb _builder_version=\u00a0\u00bb4.27.4&Prime; _module_preset=\u00a0\u00bbdefault\u00a0\u00bb header_font=\u00a0\u00bbPoppins||||||||\u00a0\u00bb custom_margin=\u00a0\u00bb||5px||false|false\u00a0\u00bb animation=\u00a0\u00bboff\u00a0\u00bb custom_css_blurb_title=\u00a0\u00bbfont-weight: 400;||color:var(&#8211;color2);||\u00a0\u00bb global_colors_info=\u00a0\u00bb{}\u00a0\u00bb][\/et_pb_blurb][et_pb_blurb title=\u00a0\u00bbRoute Solaro 134 \u2013 18038 Sanremo IM\u00a0\u00bb use_icon=\u00a0\u00bbon\u00a0\u00bb font_icon=\u00a0\u00bb&#x52;||divi||400&Prime; image_icon_width=\u00a0\u00bb16px\u00a0\u00bb content_max_width=\u00a0\u00bb100%\u00a0\u00bb module_class=\u00a0\u00bbroom_blurb\u00a0\u00bb _builder_version=\u00a0\u00bb4.27.4&Prime; _module_preset=\u00a0\u00bbdefault\u00a0\u00bb header_font=\u00a0\u00bbPoppins||||||||\u00a0\u00bb custom_margin=\u00a0\u00bb||5px||false|false\u00a0\u00bb custom_padding=\u00a0\u00bb|40px||40px|false|true\u00a0\u00bb custom_padding_tablet=\u00a0\u00bb|40px||40px|false|true\u00a0\u00bb custom_padding_phone=\u00a0\u00bb|0px||0px|false|true\u00a0\u00bb custom_padding_last_edited=\u00a0\u00bbon|phone\u00a0\u00bb animation=\u00a0\u00bboff\u00a0\u00bb custom_css_blurb_title=\u00a0\u00bbfont-weight: 400;||color:var(&#8211;color2);||\u00a0\u00bb global_colors_info=\u00a0\u00bb{}\u00a0\u00bb][\/et_pb_blurb][\/et_pb_column][\/et_pb_row][\/et_pb_section]<\/p>\n","protected":false},"excerpt":{"rendered":"<p>Id\u00e9ales pour des \u00e9v\u00e9nements exclusifs, nos soir\u00e9es de gala se d\u00e9roulent au restaurant L\u2019Asmara ou en plein air, sur la terrasse panoramique ou au bord de la piscine entour\u00e9e de palmiers, avec vue imprenable sur Sanremo.<\/p>\n","protected":false},"author":1,"featured_media":0,"parent":0,"menu_order":0,"comment_status":"closed","ping_status":"closed","template":"","meta":{"_et_pb_use_builder":"on","_et_pb_old_content":"","_et_gb_content_width":"","footnotes":""},"class_list":["post-21680","page","type-page","status-publish","hentry"],"yoast_head":"<!-- This site is optimized with the Yoast SEO plugin v25.9 - https:\/\/yoast.com\/wordpress\/plugins\/seo\/ -->\n<title>Soir\u00e9es de Gala - Nyala Suite Hotel Sanremo<\/title>\n<meta name=\"description\" content=\"Id\u00e9ales pour des \u00e9v\u00e9nements exclusifs, nos soir\u00e9es de gala se d\u00e9roulent au restaurant L\u2019Asmara ou en plein air, sur la terrasse panoramique ou au bord de la piscine entour\u00e9e de palmiers, avec vue imprenable sur Sanremo.\" \/>\n<meta name=\"robots\" content=\"index, follow, max-snippet:-1, max-image-preview:large, max-video-preview:-1\" \/>\n<link rel=\"canonical\" href=\"https:\/\/nyalahotel.com\/fr\/soirees-de-gala\/\" \/>\n<meta property=\"og:locale\" content=\"fr_FR\" \/>\n<meta property=\"og:type\" content=\"article\" \/>\n<meta property=\"og:title\" content=\"Soir\u00e9es de Gala - Nyala Suite Hotel Sanremo\" \/>\n<meta property=\"og:description\" content=\"Id\u00e9ales pour des \u00e9v\u00e9nements exclusifs, nos soir\u00e9es de gala se d\u00e9roulent au restaurant L\u2019Asmara ou en plein air, sur la terrasse panoramique ou au bord de la piscine entour\u00e9e de palmiers, avec vue imprenable sur Sanremo.\" \/>\n<meta property=\"og:url\" content=\"https:\/\/nyalahotel.com\/fr\/soirees-de-gala\/\" \/>\n<meta property=\"og:site_name\" content=\"Nyala Suite Hotel Sanremo\" \/>\n<meta property=\"article:modified_time\" content=\"2025-08-18T10:01:52+00:00\" \/>\n<meta name=\"twitter:card\" content=\"summary_large_image\" \/>\n<meta name=\"twitter:label1\" content=\"Dur\u00e9e de lecture estim\u00e9e\" \/>\n\t<meta name=\"twitter:data1\" content=\"1 minute\" \/>\n<script type=\"application\/ld+json\" class=\"yoast-schema-graph\">{\"@context\":\"https:\/\/schema.org\",\"@graph\":[{\"@type\":\"WebPage\",\"@id\":\"https:\/\/nyalahotel.com\/fr\/soirees-de-gala\/\",\"url\":\"https:\/\/nyalahotel.com\/fr\/soirees-de-gala\/\",\"name\":\"Soir\u00e9es de Gala - Nyala Suite Hotel Sanremo\",\"isPartOf\":{\"@id\":\"https:\/\/nyalahotel.com\/fr\/#website\"},\"datePublished\":\"2025-05-12T12:27:42+00:00\",\"dateModified\":\"2025-08-18T10:01:52+00:00\",\"description\":\"Id\u00e9ales pour des \u00e9v\u00e9nements exclusifs, nos soir\u00e9es de gala se d\u00e9roulent au restaurant L\u2019Asmara ou en plein air, sur la terrasse panoramique ou au bord de la piscine entour\u00e9e de palmiers, avec vue imprenable sur Sanremo.\",\"breadcrumb\":{\"@id\":\"https:\/\/nyalahotel.com\/fr\/soirees-de-gala\/#breadcrumb\"},\"inLanguage\":\"fr-FR\",\"potentialAction\":[{\"@type\":\"ReadAction\",\"target\":[\"https:\/\/nyalahotel.com\/fr\/soirees-de-gala\/\"]}]},{\"@type\":\"BreadcrumbList\",\"@id\":\"https:\/\/nyalahotel.com\/fr\/soirees-de-gala\/#breadcrumb\",\"itemListElement\":[{\"@type\":\"ListItem\",\"position\":1,\"name\":\"Home\",\"item\":\"https:\/\/nyalahotel.com\/fr\/\"},{\"@type\":\"ListItem\",\"position\":2,\"name\":\"Soir\u00e9es de Gala\"}]},{\"@type\":\"WebSite\",\"@id\":\"https:\/\/nyalahotel.com\/fr\/#website\",\"url\":\"https:\/\/nyalahotel.com\/fr\/\",\"name\":\"Nyala Suite Hotel Sanremo\",\"description\":\"Site officiel | Meilleur tarif garanti\",\"potentialAction\":[{\"@type\":\"SearchAction\",\"target\":{\"@type\":\"EntryPoint\",\"urlTemplate\":\"https:\/\/nyalahotel.com\/fr\/?s={search_term_string}\"},\"query-input\":{\"@type\":\"PropertyValueSpecification\",\"valueRequired\":true,\"valueName\":\"search_term_string\"}}],\"inLanguage\":\"fr-FR\"}]}<\/script>\n<!-- \/ Yoast SEO plugin. -->","yoast_head_json":{"title":"Soir\u00e9es de Gala - Nyala Suite Hotel Sanremo","description":"Id\u00e9ales pour des \u00e9v\u00e9nements exclusifs, nos soir\u00e9es de gala se d\u00e9roulent au restaurant L\u2019Asmara ou en plein air, sur la terrasse panoramique ou au bord de la piscine entour\u00e9e de palmiers, avec vue imprenable sur Sanremo.","robots":{"index":"index","follow":"follow","max-snippet":"max-snippet:-1","max-image-preview":"max-image-preview:large","max-video-preview":"max-video-preview:-1"},"canonical":"https:\/\/nyalahotel.com\/fr\/soirees-de-gala\/","og_locale":"fr_FR","og_type":"article","og_title":"Soir\u00e9es de Gala - Nyala Suite Hotel Sanremo","og_description":"Id\u00e9ales pour des \u00e9v\u00e9nements exclusifs, nos soir\u00e9es de gala se d\u00e9roulent au restaurant L\u2019Asmara ou en plein air, sur la terrasse panoramique ou au bord de la piscine entour\u00e9e de palmiers, avec vue imprenable sur Sanremo.","og_url":"https:\/\/nyalahotel.com\/fr\/soirees-de-gala\/","og_site_name":"Nyala Suite Hotel Sanremo","article_modified_time":"2025-08-18T10:01:52+00:00","twitter_card":"summary_large_image","twitter_misc":{"Dur\u00e9e de lecture estim\u00e9e":"1 minute"},"schema":{"@context":"https:\/\/schema.org","@graph":[{"@type":"WebPage","@id":"https:\/\/nyalahotel.com\/fr\/soirees-de-gala\/","url":"https:\/\/nyalahotel.com\/fr\/soirees-de-gala\/","name":"Soir\u00e9es de Gala - Nyala Suite Hotel Sanremo","isPartOf":{"@id":"https:\/\/nyalahotel.com\/fr\/#website"},"datePublished":"2025-05-12T12:27:42+00:00","dateModified":"2025-08-18T10:01:52+00:00","description":"Id\u00e9ales pour des \u00e9v\u00e9nements exclusifs, nos soir\u00e9es de gala se d\u00e9roulent au restaurant L\u2019Asmara ou en plein air, sur la terrasse panoramique ou au bord de la piscine entour\u00e9e de palmiers, avec vue imprenable sur Sanremo.","breadcrumb":{"@id":"https:\/\/nyalahotel.com\/fr\/soirees-de-gala\/#breadcrumb"},"inLanguage":"fr-FR","potentialAction":[{"@type":"ReadAction","target":["https:\/\/nyalahotel.com\/fr\/soirees-de-gala\/"]}]},{"@type":"BreadcrumbList","@id":"https:\/\/nyalahotel.com\/fr\/soirees-de-gala\/#breadcrumb","itemListElement":[{"@type":"ListItem","position":1,"name":"Home","item":"https:\/\/nyalahotel.com\/fr\/"},{"@type":"ListItem","position":2,"name":"Soir\u00e9es de Gala"}]},{"@type":"WebSite","@id":"https:\/\/nyalahotel.com\/fr\/#website","url":"https:\/\/nyalahotel.com\/fr\/","name":"Nyala Suite Hotel Sanremo","description":"Site officiel | Meilleur tarif garanti","potentialAction":[{"@type":"SearchAction","target":{"@type":"EntryPoint","urlTemplate":"https:\/\/nyalahotel.com\/fr\/?s={search_term_string}"},"query-input":{"@type":"PropertyValueSpecification","valueRequired":true,"valueName":"search_term_string"}}],"inLanguage":"fr-FR"}]}},"_links":{"self":[{"href":"https:\/\/nyalahotel.com\/fr\/wp-json\/wp\/v2\/pages\/21680","targetHints":{"allow":["GET"]}}],"collection":[{"href":"https:\/\/nyalahotel.com\/fr\/wp-json\/wp\/v2\/pages"}],"about":[{"href":"https:\/\/nyalahotel.com\/fr\/wp-json\/wp\/v2\/types\/page"}],"author":[{"embeddable":true,"href":"https:\/\/nyalahotel.com\/fr\/wp-json\/wp\/v2\/users\/1"}],"replies":[{"embeddable":true,"href":"https:\/\/nyalahotel.com\/fr\/wp-json\/wp\/v2\/comments?post=21680"}],"version-history":[{"count":6,"href":"https:\/\/nyalahotel.com\/fr\/wp-json\/wp\/v2\/pages\/21680\/revisions"}],"predecessor-version":[{"id":23212,"href":"https:\/\/nyalahotel.com\/fr\/wp-json\/wp\/v2\/pages\/21680\/revisions\/23212"}],"wp:attachment":[{"href":"https:\/\/nyalahotel.com\/fr\/wp-json\/wp\/v2\/media?parent=21680"}],"curies":[{"name":"wp","href":"https:\/\/api.w.org\/{rel}","templated":true}]}}