{"id":23425,"date":"2025-08-21T10:01:16","date_gmt":"2025-08-21T10:01:16","guid":{"rendered":"https:\/\/nyalahotel.com\/?page_id=23425"},"modified":"2025-08-21T10:44:24","modified_gmt":"2025-08-21T10:44:24","slug":"shuttle","status":"publish","type":"page","link":"https:\/\/nyalahotel.com\/de\/shuttle\/","title":{"rendered":"Shuttle"},"content":{"rendered":"<p>[et_pb_section fb_built=&#8220;1&#8243; custom_padding_last_edited=&#8220;on|tablet&#8220; _builder_version=&#8220;4.27.4&#8243; _module_preset=&#8220;default&#8220; background_image=&#8220;https:\/\/nyalahotel.com\/wp-content\/uploads\/2025\/05\/DJI_0637-scaled.jpg&#8220; custom_padding=&#8220;215px||76px||false|false&#8220; custom_padding_tablet=&#8220;150px||||false|false&#8220; custom_padding_phone=&#8220;150px||||false|false&#8220; custom_css_before=&#8220;content:&#8220;;||position: absolute;||width: 100%;||height: 100%;||left: 0px;||top: 0;||||background: var(&#8211;color2);||opacity: 0.5;&#8220; custom_css_main_element=&#8220;z-index:1;&#8220; custom_css_after=&#8220;content: &#8220;;||background-image: url(https:\/\/nyalahotel.com\/wp-content\/uploads\/2023\/05\/Page-Inner-Header-Background.png);||position: absolute;||top: 133px;||right: 0;||left: 0;||bottom: 0;||background-size: 100% 100%;||background-position: top right;||width: 100%;||background-repeat: no-repeat;||z-index:-1;&#8220; locked=&#8220;off&#8220; global_colors_info=&#8220;{}&#8220; custom_css_before_last_edited=&#8220;on|phone&#8220; custom_css_after_last_edited=&#8220;on|phone&#8220; custom_css_after_phone=&#8220;display:none;&#8220; custom_css_after_tablet=&#8220;display:none;&#8220; custom_css_before_tablet=&#8220;content:&#8220;;||position: absolute;||width: 100%;||height: 100%;||left: 0px;||top: 0;||||background: var(&#8211;color2);||opacity: 0.5;&#8220; custom_css_before_phone=&#8220;content:&#8220;;||position: absolute;||width: 100%;||height: 100%;||left: 0px;||top: 0;||||background: var(&#8211;color2);||opacity: 0.5;&#8220;][et_pb_row _builder_version=&#8220;4.21.0&#8243; _module_preset=&#8220;default&#8220; width_tablet=&#8220;&#8220; width_phone=&#8220;90%&#8220; width_last_edited=&#8220;on|phone&#8220; custom_margin=&#8220;||||false|true&#8220; custom_margin_tablet=&#8220;||||false|true&#8220; custom_margin_phone=&#8220;||||false|true&#8220; custom_margin_last_edited=&#8220;on|phone&#8220; custom_padding=&#8220;0px||0px||true|false&#8220; custom_css_main_element=&#8220;width:max-content;margin: 0 auto !important;&#8220; global_colors_info=&#8220;{}&#8220; width__hover_enabled=&#8220;on|desktop&#8220;][et_pb_column type=&#8220;4_4&#8243; _builder_version=&#8220;4.19.0&#8243; _module_preset=&#8220;default&#8220; background_color=&#8220;#FFFFFF&#8220; custom_padding=&#8220;30px|15px|20px|15px|false|true&#8220; custom_padding_tablet=&#8220;30px|15px|20px|15px|false|true&#8220; custom_padding_phone=&#8220;20px|10px|20px|10px|true|true&#8220; custom_padding_last_edited=&#8220;on|phone&#8220; custom_css_main_element=&#8220;display:flex;||justify-content:center;||align-items:center;||flex-wrap:wrap;&#8220; global_colors_info=&#8220;{}&#8220;][et_pb_button button_url=&#8220;@ET-DC@eyJkeW5hbWljIjp0cnVlLCJjb250ZW50IjoiaG9tZV91cmwiLCJzZXR0aW5ncyI6e319@&#8220; url_new_window=&#8220;on&#8220; button_text=&#8220;Startseite &#8220; _builder_version=&#8220;4.21.0&#8243; _dynamic_attributes=&#8220;button_url&#8220; _module_preset=&#8220;default&#8220; custom_button=&#8220;on&#8220; button_text_size=&#8220;16px&#8220; button_text_color=&#8220;#212121&#8243; button_bg_color=&#8220;RGBA(255,255,255,0)&#8220; button_border_width=&#8220;0px&#8220; button_border_radius=&#8220;0px&#8220; button_font=&#8220;Inter||||||||&#8220; custom_margin=&#8220;||||false|false&#8220; custom_margin_tablet=&#8220;||||false|false&#8220; custom_margin_phone=&#8220;||0px||false|false&#8220; custom_margin_last_edited=&#8220;on|phone&#8220; custom_padding=&#8220;|12px||0px|false|false&#8220; custom_css_main_element=&#8220;font-weight: 400;&#8220; custom_css_after=&#8220;content:&#8220;;||width:1px;||height:20px;||background:#212121;||position:absolute;right:0;||opacity:1 !important;||top:50%;||transform:translatey(-50%);&#8220; global_colors_info=&#8220;{}&#8220;][\/et_pb_button][et_pb_button button_url=&#8220;https:\/\/nyalahotel.com\/esperienze\/&#8220; url_new_window=&#8220;on&#8220; button_text=&#8220;Dienstleistungen&#8220; disabled_on=&#8220;on|off|off&#8220; _builder_version=&#8220;4.27.4&#8243; _module_preset=&#8220;default&#8220; custom_button=&#8220;on&#8220; button_text_size=&#8220;16px&#8220; button_text_color=&#8220;#212121&#8243; button_bg_color=&#8220;RGBA(255,255,255,0)&#8220; button_border_width=&#8220;0px&#8220; button_border_radius=&#8220;0px&#8220; button_font=&#8220;Inter||||||||&#8220; custom_margin=&#8220;||||false|false&#8220; custom_margin_tablet=&#8220;||||false|false&#8220; custom_margin_phone=&#8220;||0px||false|false&#8220; custom_margin_last_edited=&#8220;on|phone&#8220; custom_padding=&#8220;|12px||12px|false|true&#8220; custom_css_main_element=&#8220;font-weight: 400;&#8220; custom_css_after=&#8220;content:&#8220;;||width:1px;||height:20px;||background:#212121;||position:absolute;right:0;||opacity:1 !important;||top:50%;||transform:translatey(-50%);&#8220; global_colors_info=&#8220;{}&#8220;][\/et_pb_button][et_pb_button button_url=&#8220;@ET-DC@eyJkeW5hbWljIjp0cnVlLCJjb250ZW50IjoicG9zdF9saW5rX3VybCIsInNldHRpbmdzIjp7fX0=@&#8220; button_text=&#8220;Shuttle&#8220; _builder_version=&#8220;4.27.4&#8243; _dynamic_attributes=&#8220;button_url&#8220; _module_preset=&#8220;default&#8220; custom_button=&#8220;on&#8220; button_text_size=&#8220;16px&#8220; button_text_color=&#8220;#212121&#8243; button_bg_color=&#8220;RGBA(255,255,255,0)&#8220; button_border_width=&#8220;0px&#8220; button_border_radius=&#8220;0px&#8220; button_font=&#8220;Inter||||||||&#8220; button_use_icon=&#8220;off&#8220; custom_margin_tablet=&#8220;&#8220; custom_margin_phone=&#8220;||0px||false|false&#8220; custom_margin_last_edited=&#8220;on|phone&#8220; custom_padding=&#8220;|0px||12px|false|false&#8220; custom_css_main_element=&#8220;font-weight: 400;&#8220; global_colors_info=&#8220;{}&#8220;][\/et_pb_button][et_pb_text _builder_version=&#8220;4.27.4&#8243; _module_preset=&#8220;default&#8220; text_font=&#8220;|700|||||||&#8220; text_text_color=&#8220;gcid-4eaba28f-8903-4e8a-9947-d714a3d67e48&#8243; text_font_size=&#8220;40px&#8220; header_font=&#8220;|700|||||||&#8220; header_text_color=&#8220;gcid-4eaba28f-8903-4e8a-9947-d714a3d67e48&#8243; header_font_size=&#8220;40px&#8220; header_line_height=&#8220;50px&#8220; text_orientation=&#8220;center&#8220; custom_margin=&#8220;||||false|false&#8220; header_font_size_tablet=&#8220;40px&#8220; header_font_size_phone=&#8220;28px&#8220; header_font_size_last_edited=&#8220;on|phone&#8220; custom_css_main_element=&#8220;width:100%;||&#8220; global_colors_info=&#8220;{%22gcid-4eaba28f-8903-4e8a-9947-d714a3d67e48%22:%91%22text_text_color%22,%22header_text_color%22%93}&#8220;]<\/p>\n<div class=\"et_pb_module et_pb_post_title et_pb_post_title_0 et_pb_bg_layout_light et_pb_text_align_left\">\n<div class=\"et_pb_title_container\">\n<h1 class=\"entry-title\" style=\"text-align: center;\">Shuttle<\/h1>\n<\/div>\n<\/div>\n<p>[\/et_pb_text][\/et_pb_column][\/et_pb_row][\/et_pb_section][et_pb_section fb_built=&#8220;1&#8243; _builder_version=&#8220;4.27.4&#8243; _module_preset=&#8220;default&#8220; custom_margin=&#8220;80px||||false|false&#8220; global_colors_info=&#8220;{}&#8220;][et_pb_row use_custom_gutter=&#8220;on&#8220; gutter_width=&#8220;1&#8243; make_equal=&#8220;on&#8220; custom_padding_last_edited=&#8220;on|desktop&#8220; _builder_version=&#8220;4.19.0&#8243; _module_preset=&#8220;default&#8220; width=&#8220;90%&#8220; custom_padding=&#8220;0px||||false|false&#8220; custom_padding_tablet=&#8220;&#8220; custom_padding_phone=&#8220;0px||||false|false&#8220; global_colors_info=&#8220;{}&#8220;][et_pb_column type=&#8220;4_4&#8243; _builder_version=&#8220;4.19.0&#8243; _module_preset=&#8220;default&#8220; global_colors_info=&#8220;{}&#8220;][et_pb_text _builder_version=&#8220;4.27.4&#8243; _module_preset=&#8220;default&#8220; text_text_color=&#8220;#212121&#8243; custom_margin=&#8220;||18px||false|false&#8220; custom_css_main_element=&#8220;font-weight: 400;&#8220; global_colors_info=&#8220;{}&#8220;]<\/p>\n<p>Erlebnisse und Entspannung<\/p>\n<p>[\/et_pb_text][et_pb_blurb title=&#8220;Shuttle&#8220; alt=&#8220;Reshort Image&#8220; content_max_width=&#8220;100%&#8220; _builder_version=&#8220;4.27.4&#8243; _module_preset=&#8220;default&#8220; header_font=&#8220;|700|||||||&#8220; header_text_color=&#8220;#212121&#8243; header_font_size=&#8220;20px&#8220; header_line_height=&#8220;30px&#8220; body_line_height=&#8220;30px&#8220; custom_margin=&#8220;||30px||false|false&#8220; custom_padding=&#8220;||1px||false|false&#8220; custom_css_main_element=&#8220;font-weight: 400;&#8220; global_colors_info=&#8220;{}&#8220;]<\/p>\n<p data-start=\"1025\" data-end=\"1174\">Unsere Shuttles stehen t\u00e4glich zur Verf\u00fcgung, mit obligatorischer Buchung an der Hotelrezeption sowohl f\u00fcr die Hin- als auch f\u00fcr die R\u00fcckfahrt.<\/p>\n<p data-start=\"1176\" data-end=\"1222\">Der Service umfasst zwei Haupt-Haltestellen:<\/p>\n<ul data-start=\"1223\" data-end=\"1260\">\n<li data-start=\"1223\" data-end=\"1238\">\n<p data-start=\"1225\" data-end=\"1238\">Str\u00e4nde<\/p>\n<\/li>\n<li data-start=\"1239\" data-end=\"1260\">\n<p data-start=\"1241\" data-end=\"1260\">Alter Bahnhof<\/p>\n<\/li>\n<\/ul>\n<p data-start=\"1262\" data-end=\"1416\">Der Shuttle f\u00e4hrt vom Hotel zu jeder vollen und halben Stunde ab. Der Service ist von 9:00 bis 18:00 Uhr verf\u00fcgbar, die letzte Ankunft ist um 18:30 Uhr.<\/p>\n<p>[\/et_pb_blurb][et_pb_slider _builder_version=&#8220;4.27.4&#8243; _module_preset=&#8220;default&#8220; hover_enabled=&#8220;0&#8243; global_colors_info=&#8220;{}&#8220; background_enable_image=&#8220;off&#8220; sticky_enabled=&#8220;0&#8243;][et_pb_slide _builder_version=&#8220;4.27.4&#8243; _module_preset=&#8220;default&#8220; background_image=&#8220;https:\/\/nyalahotel.com\/wp-content\/uploads\/2025\/08\/shuttle.png&#8220; background_enable_image=&#8220;on&#8220; hover_enabled=&#8220;0&#8243; global_colors_info=&#8220;{}&#8220; sticky_transition=&#8220;on&#8220; sticky_enabled=&#8220;0&#8243; alt=&#8220;navetta&#8220; title_text=&#8220;shuttle&#8220;]<\/p>\n<p>&nbsp;<\/p>\n<p>&nbsp;<\/p>\n<p>&nbsp;<\/p>\n<p>&nbsp;<\/p>\n<p>&nbsp;<\/p>\n<p>&nbsp;<\/p>\n<p>[\/et_pb_slide][\/et_pb_slider][\/et_pb_column][\/et_pb_row][et_pb_row use_custom_gutter=&#8220;on&#8220; make_equal=&#8220;on&#8220; _builder_version=&#8220;4.19.0&#8243; _module_preset=&#8220;default&#8220; width=&#8220;90%&#8220; custom_padding=&#8220;10px||15px||false|false&#8220; locked=&#8220;off&#8220; global_colors_info=&#8220;{}&#8220;][et_pb_column type=&#8220;4_4&#8243; _builder_version=&#8220;4.19.0&#8243; _module_preset=&#8220;default&#8220; global_colors_info=&#8220;{}&#8220;][et_pb_text _builder_version=&#8220;4.27.4&#8243; _module_preset=&#8220;default&#8220; header_4_font=&#8220;|700|||||||&#8220; header_4_text_color=&#8220;#212121&#8243; header_4_font_size=&#8220;24px&#8220; header_4_line_height=&#8220;30px&#8220; custom_margin=&#8220;||10px||false|false&#8220; global_colors_info=&#8220;{}&#8220;]<\/p>\n<h4>KONTAKT<\/h4>\n<p>[\/et_pb_text][et_pb_text _builder_version=&#8220;4.27.4&#8243; _module_preset=&#8220;default&#8220; text_font=&#8220;Jost|700|||||||&#8220; text_text_color=&#8220;#212121&#8243; text_font_size=&#8220;20px&#8220; header_4_font=&#8220;|700|||||||&#8220; header_4_text_color=&#8220;#212121&#8243; header_4_font_size=&#8220;24px&#8220; header_4_line_height=&#8220;30px&#8220; custom_margin=&#8220;||10px||false|false&#8220; global_colors_info=&#8220;{}&#8220;]<\/p>\n<p>Kontaktieren Sie uns<\/p>\n<p>[\/et_pb_text][\/et_pb_column][\/et_pb_row][et_pb_row use_custom_gutter=&#8220;on&#8220; gutter_width=&#8220;1&#8243; make_equal=&#8220;on&#8220; _builder_version=&#8220;4.19.0&#8243; _module_preset=&#8220;default&#8220; width=&#8220;90%&#8220; custom_padding=&#8220;10px||0px||false|false&#8220; border_width_bottom=&#8220;1px&#8220; border_color_bottom=&#8220;rgba(0,41,89,0.2)&#8220; locked=&#8220;off&#8220; global_colors_info=&#8220;{}&#8220;][et_pb_column type=&#8220;4_4&#8243; _builder_version=&#8220;4.19.0&#8243; _module_preset=&#8220;default&#8220; custom_css_main_element=&#8220;margin-bottom: 0 !important;||display:flex;||align-items:center;&#8220; global_colors_info=&#8220;{}&#8220; custom_css_main_element_last_edited=&#8220;on|phone&#8220; custom_css_main_element_phone=&#8220;margin-bottom: 0 !important;||display:block;&#8220; custom_css_main_element_tablet=&#8220;margin-bottom: 0 !important;||display:flex;||align-items:center;&#8220;][et_pb_blurb title=&#8220;Rufen Sie an Tel: 0184 667 668&#8243; use_icon=&#8220;on&#8220; font_icon=&#8220;&#x52;||divi||400&#8243; image_icon_width=&#8220;16px&#8220; content_max_width=&#8220;100%&#8220; module_class=&#8220;room_blurb&#8220; _builder_version=&#8220;4.27.4&#8243; _module_preset=&#8220;default&#8220; header_font=&#8220;Poppins||||||||&#8220; custom_margin=&#8220;||5px||false|false&#8220; animation=&#8220;off&#8220; custom_css_blurb_title=&#8220;font-weight: 400;||color:var(&#8211;color2);||&#8220; global_colors_info=&#8220;{}&#8220;][\/et_pb_blurb][et_pb_blurb title=&#8220;Strada Solaro 134 \u2013 18038 Sanremo IM&#8220; use_icon=&#8220;on&#8220; font_icon=&#8220;&#x52;||divi||400&#8243; image_icon_width=&#8220;16px&#8220; content_max_width=&#8220;100%&#8220; module_class=&#8220;room_blurb&#8220; _builder_version=&#8220;4.27.4&#8243; _module_preset=&#8220;default&#8220; header_font=&#8220;Poppins||||||||&#8220; custom_margin=&#8220;||5px||false|false&#8220; custom_padding=&#8220;|40px||40px|false|true&#8220; custom_padding_tablet=&#8220;|40px||40px|false|true&#8220; custom_padding_phone=&#8220;|0px||0px|false|true&#8220; custom_padding_last_edited=&#8220;on|phone&#8220; animation=&#8220;off&#8220; custom_css_blurb_title=&#8220;font-weight: 400;||color:var(&#8211;color2);||&#8220; global_colors_info=&#8220;{}&#8220;][\/et_pb_blurb][\/et_pb_column][\/et_pb_row][\/et_pb_section]<\/p>\n","protected":false},"excerpt":{"rendered":"<p>T\u00e4glicher Shuttleservice mit Reservierung: Haltestellen an Str\u00e4nden und altem Bahnhof. Alle 30 Min. von 9:00 bis 18:30 Uhr.<\/p>\n","protected":false},"author":2,"featured_media":0,"parent":0,"menu_order":0,"comment_status":"closed","ping_status":"closed","template":"","meta":{"_et_pb_use_builder":"on","_et_pb_old_content":"","_et_gb_content_width":"","footnotes":""},"class_list":["post-23425","page","type-page","status-publish","hentry"],"yoast_head":"<!-- This site is optimized with the Yoast SEO plugin v25.9 - https:\/\/yoast.com\/wordpress\/plugins\/seo\/ -->\n<title>Shuttle - Nyala Suite Hotel Sanremo<\/title>\n<meta name=\"description\" content=\"T\u00e4glicher Shuttleservice mit Reservierung: Haltestellen an Str\u00e4nden und altem Bahnhof. Alle 30 Min. von 9:00 bis 18:30 Uhr.\" \/>\n<meta name=\"robots\" content=\"index, follow, max-snippet:-1, max-image-preview:large, max-video-preview:-1\" \/>\n<link rel=\"canonical\" href=\"https:\/\/nyalahotel.com\/de\/shuttle\/\" \/>\n<meta property=\"og:locale\" content=\"de_DE\" \/>\n<meta property=\"og:type\" content=\"article\" \/>\n<meta property=\"og:title\" content=\"Shuttle - Nyala Suite Hotel Sanremo\" \/>\n<meta property=\"og:description\" content=\"T\u00e4glicher Shuttleservice mit Reservierung: Haltestellen an Str\u00e4nden und altem Bahnhof. Alle 30 Min. von 9:00 bis 18:30 Uhr.\" \/>\n<meta property=\"og:url\" content=\"https:\/\/nyalahotel.com\/de\/shuttle\/\" \/>\n<meta property=\"og:site_name\" content=\"Nyala Suite Hotel Sanremo\" \/>\n<meta property=\"article:modified_time\" content=\"2025-08-21T10:44:24+00:00\" \/>\n<meta name=\"twitter:card\" content=\"summary_large_image\" \/>\n<meta name=\"twitter:label1\" content=\"Gesch\u00e4tzte Lesezeit\" \/>\n\t<meta name=\"twitter:data1\" content=\"1\u00a0Minute\" \/>\n<script type=\"application\/ld+json\" class=\"yoast-schema-graph\">{\"@context\":\"https:\/\/schema.org\",\"@graph\":[{\"@type\":\"WebPage\",\"@id\":\"https:\/\/nyalahotel.com\/de\/shuttle\/\",\"url\":\"https:\/\/nyalahotel.com\/de\/shuttle\/\",\"name\":\"Shuttle - Nyala Suite Hotel Sanremo\",\"isPartOf\":{\"@id\":\"https:\/\/nyalahotel.com\/de\/#website\"},\"datePublished\":\"2025-08-21T10:01:16+00:00\",\"dateModified\":\"2025-08-21T10:44:24+00:00\",\"description\":\"T\u00e4glicher Shuttleservice mit Reservierung: Haltestellen an Str\u00e4nden und altem Bahnhof. Alle 30 Min. von 9:00 bis 18:30 Uhr.\",\"breadcrumb\":{\"@id\":\"https:\/\/nyalahotel.com\/de\/shuttle\/#breadcrumb\"},\"inLanguage\":\"de\",\"potentialAction\":[{\"@type\":\"ReadAction\",\"target\":[\"https:\/\/nyalahotel.com\/de\/shuttle\/\"]}]},{\"@type\":\"BreadcrumbList\",\"@id\":\"https:\/\/nyalahotel.com\/de\/shuttle\/#breadcrumb\",\"itemListElement\":[{\"@type\":\"ListItem\",\"position\":1,\"name\":\"Home\",\"item\":\"https:\/\/nyalahotel.com\/de\/\"},{\"@type\":\"ListItem\",\"position\":2,\"name\":\"Shuttle\"}]},{\"@type\":\"WebSite\",\"@id\":\"https:\/\/nyalahotel.com\/de\/#website\",\"url\":\"https:\/\/nyalahotel.com\/de\/\",\"name\":\"Nyala Suite Hotel Sanremo\",\"description\":\"Offizielle Website | Bester Preis garantiert\",\"potentialAction\":[{\"@type\":\"SearchAction\",\"target\":{\"@type\":\"EntryPoint\",\"urlTemplate\":\"https:\/\/nyalahotel.com\/de\/?s={search_term_string}\"},\"query-input\":{\"@type\":\"PropertyValueSpecification\",\"valueRequired\":true,\"valueName\":\"search_term_string\"}}],\"inLanguage\":\"de\"}]}<\/script>\n<!-- \/ Yoast SEO plugin. -->","yoast_head_json":{"title":"Shuttle - Nyala Suite Hotel Sanremo","description":"T\u00e4glicher Shuttleservice mit Reservierung: Haltestellen an Str\u00e4nden und altem Bahnhof. Alle 30 Min. von 9:00 bis 18:30 Uhr.","robots":{"index":"index","follow":"follow","max-snippet":"max-snippet:-1","max-image-preview":"max-image-preview:large","max-video-preview":"max-video-preview:-1"},"canonical":"https:\/\/nyalahotel.com\/de\/shuttle\/","og_locale":"de_DE","og_type":"article","og_title":"Shuttle - Nyala Suite Hotel Sanremo","og_description":"T\u00e4glicher Shuttleservice mit Reservierung: Haltestellen an Str\u00e4nden und altem Bahnhof. Alle 30 Min. von 9:00 bis 18:30 Uhr.","og_url":"https:\/\/nyalahotel.com\/de\/shuttle\/","og_site_name":"Nyala Suite Hotel Sanremo","article_modified_time":"2025-08-21T10:44:24+00:00","twitter_card":"summary_large_image","twitter_misc":{"Gesch\u00e4tzte Lesezeit":"1\u00a0Minute"},"schema":{"@context":"https:\/\/schema.org","@graph":[{"@type":"WebPage","@id":"https:\/\/nyalahotel.com\/de\/shuttle\/","url":"https:\/\/nyalahotel.com\/de\/shuttle\/","name":"Shuttle - Nyala Suite Hotel Sanremo","isPartOf":{"@id":"https:\/\/nyalahotel.com\/de\/#website"},"datePublished":"2025-08-21T10:01:16+00:00","dateModified":"2025-08-21T10:44:24+00:00","description":"T\u00e4glicher Shuttleservice mit Reservierung: Haltestellen an Str\u00e4nden und altem Bahnhof. Alle 30 Min. von 9:00 bis 18:30 Uhr.","breadcrumb":{"@id":"https:\/\/nyalahotel.com\/de\/shuttle\/#breadcrumb"},"inLanguage":"de","potentialAction":[{"@type":"ReadAction","target":["https:\/\/nyalahotel.com\/de\/shuttle\/"]}]},{"@type":"BreadcrumbList","@id":"https:\/\/nyalahotel.com\/de\/shuttle\/#breadcrumb","itemListElement":[{"@type":"ListItem","position":1,"name":"Home","item":"https:\/\/nyalahotel.com\/de\/"},{"@type":"ListItem","position":2,"name":"Shuttle"}]},{"@type":"WebSite","@id":"https:\/\/nyalahotel.com\/de\/#website","url":"https:\/\/nyalahotel.com\/de\/","name":"Nyala Suite Hotel Sanremo","description":"Offizielle Website | Bester Preis garantiert","potentialAction":[{"@type":"SearchAction","target":{"@type":"EntryPoint","urlTemplate":"https:\/\/nyalahotel.com\/de\/?s={search_term_string}"},"query-input":{"@type":"PropertyValueSpecification","valueRequired":true,"valueName":"search_term_string"}}],"inLanguage":"de"}]}},"_links":{"self":[{"href":"https:\/\/nyalahotel.com\/de\/wp-json\/wp\/v2\/pages\/23425","targetHints":{"allow":["GET"]}}],"collection":[{"href":"https:\/\/nyalahotel.com\/de\/wp-json\/wp\/v2\/pages"}],"about":[{"href":"https:\/\/nyalahotel.com\/de\/wp-json\/wp\/v2\/types\/page"}],"author":[{"embeddable":true,"href":"https:\/\/nyalahotel.com\/de\/wp-json\/wp\/v2\/users\/2"}],"replies":[{"embeddable":true,"href":"https:\/\/nyalahotel.com\/de\/wp-json\/wp\/v2\/comments?post=23425"}],"version-history":[{"count":11,"href":"https:\/\/nyalahotel.com\/de\/wp-json\/wp\/v2\/pages\/23425\/revisions"}],"predecessor-version":[{"id":23502,"href":"https:\/\/nyalahotel.com\/de\/wp-json\/wp\/v2\/pages\/23425\/revisions\/23502"}],"wp:attachment":[{"href":"https:\/\/nyalahotel.com\/de\/wp-json\/wp\/v2\/media?parent=23425"}],"curies":[{"name":"wp","href":"https:\/\/api.w.org\/{rel}","templated":true}]}}